{"id":1688,"date":"2024-10-10T14:11:35","date_gmt":"2024-10-10T14:11:35","guid":{"rendered":"https:\/\/mito-petrovic.rs\/schaben\/"},"modified":"2024-11-18T12:41:06","modified_gmt":"2024-11-18T12:41:06","slug":"schaben","status":"publish","type":"page","link":"https:\/\/mito-petrovic.rs\/de\/dienstleistungen\/schaben\/","title":{"rendered":"Schaben"},"content":{"rendered":"\t\t<div data-elementor-type=\"wp-page\" data-elementor-id=\"1688\" class=\"elementor elementor-1688 elementor-182\" data-elementor-post-type=\"page\">\n\t\t\t\t<div class=\"elementor-element elementor-element-cf9641f e-flex e-con-boxed e-con e-parent\" data-id=\"cf9641f\" data-element_type=\"container\" data-settings=\"{&quot;background_background&quot;:&quot;classic&quot;}\">\n\t\t\t\t\t<div class=\"e-con-inner\">\n\t\t\t\t<div class=\"elementor-element elementor-element-705e998 elementor-widget elementor-widget-heading\" data-id=\"705e998\" data-element_type=\"widget\" data-widget_type=\"heading.default\">\n\t\t\t\t<div class=\"elementor-widget-container\">\n\t\t\t\t\t<h1 class=\"elementor-heading-title elementor-size-default\">CNC-Drehen<\/h1>\t\t\t\t<\/div>\n\t\t\t\t<\/div>\n\t\t\t\t<div class=\"elementor-element elementor-element-9a4d202 elementor-widget elementor-widget-text-editor\" data-id=\"9a4d202\" data-element_type=\"widget\" data-widget_type=\"text-editor.default\">\n\t\t\t\t<div class=\"elementor-widget-container\">\n\t\t\t\t\t\t\t\t\t<p>Unser CNC-Drehservice bietet pr\u00e4zise und ma\u00dfgeschneiderte Metallbearbeitung mit modernen CNC-Drehmaschinen.<\/p>\n\t\t\t\t\t\t\t\t<\/div>\n\t\t\t\t<\/div>\n\t\t\t\t<div class=\"elementor-element elementor-element-23a2f8c elementor-widget elementor-widget-button\" data-id=\"23a2f8c\" data-element_type=\"widget\" data-widget_type=\"button.default\">\n\t\t\t\t<div class=\"elementor-widget-container\">\n\t\t\t\t\t\t\t\t\t<div class=\"elementor-button-wrapper\">\n\t\t\t\t\t<a class=\"elementor-button elementor-button-link elementor-size-sm elementor-animation-pulse\" href=\"https:\/\/redizajn.mito-petrovic.rs\/kontakt\/\">\n\t\t\t\t\t\t<span class=\"elementor-button-content-wrapper\">\n\t\t\t\t\t\t\t\t\t<span class=\"elementor-button-text\">Kontaktieren Sie uns<\/span>\n\t\t\t\t\t<\/span>\n\t\t\t\t\t<\/a>\n\t\t\t\t<\/div>\n\t\t\t\t\t\t\t\t<\/div>\n\t\t\t\t<\/div>\n\t\t\t\t\t<\/div>\n\t\t\t\t<\/div>\n\t\t<div class=\"elementor-element elementor-element-6c516e0 e-flex e-con-boxed e-con e-parent\" data-id=\"6c516e0\" data-element_type=\"container\" data-settings=\"{&quot;background_background&quot;:&quot;classic&quot;}\">\n\t\t\t\t\t<div class=\"e-con-inner\">\n\t\t<div class=\"elementor-element elementor-element-94aa77a e-con-full e-flex e-con e-child\" data-id=\"94aa77a\" data-element_type=\"container\">\n\t\t\t\t<div class=\"elementor-element elementor-element-3163d58 elementor-widget elementor-widget-image\" data-id=\"3163d58\" data-element_type=\"widget\" data-widget_type=\"image.default\">\n\t\t\t\t<div class=\"elementor-widget-container\">\n\t\t\t\t\t\t\t\t\t\t\t\t\t\t\t<img fetchpriority=\"high\" decoding=\"async\" width=\"473\" height=\"1024\" src=\"https:\/\/mito-petrovic.rs\/wp-content\/uploads\/2024\/11\/Struganje-1-473x1024.jpg\" class=\"attachment-large size-large wp-image-1574\" alt=\"\" srcset=\"https:\/\/mito-petrovic.rs\/wp-content\/uploads\/2024\/11\/Struganje-1-473x1024.jpg 473w, https:\/\/mito-petrovic.rs\/wp-content\/uploads\/2024\/11\/Struganje-1-139x300.jpg 139w, https:\/\/mito-petrovic.rs\/wp-content\/uploads\/2024\/11\/Struganje-1-709x1536.jpg 709w, https:\/\/mito-petrovic.rs\/wp-content\/uploads\/2024\/11\/Struganje-1.jpg 739w\" sizes=\"(max-width: 473px) 100vw, 473px\" \/>\t\t\t\t\t\t\t\t\t\t\t\t\t\t\t<\/div>\n\t\t\t\t<\/div>\n\t\t\t\t<\/div>\n\t\t<div class=\"elementor-element elementor-element-61399f3 e-con-full e-flex e-con e-child\" data-id=\"61399f3\" data-element_type=\"container\">\n\t\t\t\t<div class=\"elementor-element elementor-element-5ff06b4 elementor-widget elementor-widget-heading\" data-id=\"5ff06b4\" data-element_type=\"widget\" data-widget_type=\"heading.default\">\n\t\t\t\t<div class=\"elementor-widget-container\">\n\t\t\t\t\t<h2 class=\"elementor-heading-title elementor-size-default\">CNC-Drehen<\/h2>\t\t\t\t<\/div>\n\t\t\t\t<\/div>\n\t\t\t\t<div class=\"elementor-element elementor-element-193377b elementor-widget elementor-widget-text-editor\" data-id=\"193377b\" data-element_type=\"widget\" data-widget_type=\"text-editor.default\">\n\t\t\t\t<div class=\"elementor-widget-container\">\n\t\t\t\t\t\t\t\t\t<p>Wir bieten hochpr\u00e4zises CNC-Drehen f\u00fcr Teile bis zu Abmessungen von <strong>z. B. 900 mm x 2000 mm<\/strong> und erm\u00f6glichen so hervorragende Ergebnisse und eine ma\u00dfgeschneiderte Bearbeitung f\u00fcr verschiedene industrielle Anforderungen.<\/p>\n<p>Ganz gleich, ob Sie kleinere Teile mit einem Gewicht von nur wenigen Gramm oder gr\u00f6\u00dfere Komponenten mit einem Gewicht von bis zu 10 Tonnen ben\u00f6tigen, unser Expertenteam nutzt modernste CNC- und Universalmaschinen, um ein hohes Ma\u00df an Genauigkeit und eine hochwertige Verarbeitung zu gew\u00e4hrleisten. Durch die individuelle Anpassung jeder Bestellung sind wir bestrebt, spezifische Kundenanforderungen zu erf\u00fcllen, unabh\u00e4ngig von Materialart oder Abmessungen.<\/p>\n\t\t\t\t\t\t\t\t<\/div>\n\t\t\t\t<\/div>\n\t\t\t\t<\/div>\n\t\t\t\t\t<\/div>\n\t\t\t\t<\/div>\n\t\t<div class=\"elementor-element elementor-element-280c7557 e-flex e-con-boxed e-con e-parent\" data-id=\"280c7557\" data-element_type=\"container\">\n\t\t\t\t\t<div class=\"e-con-inner\">\n\t\t\t\t<div class=\"elementor-element elementor-element-426f11fc elementor-widget elementor-widget-heading\" data-id=\"426f11fc\" data-element_type=\"widget\" data-widget_type=\"heading.default\">\n\t\t\t\t<div class=\"elementor-widget-container\">\n\t\t\t\t\t<h2 class=\"elementor-heading-title elementor-size-default\">Sehen Sie sich Fotos aus unserer Werkstatt an<\/h2>\t\t\t\t<\/div>\n\t\t\t\t<\/div>\n\t\t\t\t<div class=\"elementor-element elementor-element-640fe334 elementor-widget elementor-widget-gallery\" data-id=\"640fe334\" data-element_type=\"widget\" data-settings=\"{&quot;gallery_layout&quot;:&quot;masonry&quot;,&quot;image_hover_animation&quot;:&quot;grow&quot;,&quot;columns&quot;:3,&quot;lazyload&quot;:&quot;yes&quot;,&quot;columns_tablet&quot;:2,&quot;columns_mobile&quot;:1,&quot;gap&quot;:{&quot;unit&quot;:&quot;px&quot;,&quot;size&quot;:10,&quot;sizes&quot;:[]},&quot;gap_tablet&quot;:{&quot;unit&quot;:&quot;px&quot;,&quot;size&quot;:10,&quot;sizes&quot;:[]},&quot;gap_mobile&quot;:{&quot;unit&quot;:&quot;px&quot;,&quot;size&quot;:10,&quot;sizes&quot;:[]},&quot;link_to&quot;:&quot;file&quot;,&quot;overlay_background&quot;:&quot;yes&quot;,&quot;content_hover_animation&quot;:&quot;fade-in&quot;}\" data-widget_type=\"gallery.default\">\n\t\t\t\t<div class=\"elementor-widget-container\">\n\t\t\t\t\t\t\t<div class=\"elementor-gallery__container\">\n\t\t\t\t\t\t\t<a class=\"e-gallery-item elementor-gallery-item elementor-animated-content\" href=\"https:\/\/mito-petrovic.rs\/wp-content\/uploads\/2024\/11\/Struganje-5.jpg\" data-elementor-open-lightbox=\"yes\" data-elementor-lightbox-slideshow=\"640fe334\" data-elementor-lightbox-title=\"Struganje (5)\" data-e-action-hash=\"#elementor-action%3Aaction%3Dlightbox%26settings%3DeyJpZCI6MTU2NiwidXJsIjoiaHR0cHM6XC9cL21pdG8tcGV0cm92aWMucnNcL3dwLWNvbnRlbnRcL3VwbG9hZHNcLzIwMjRcLzExXC9TdHJ1Z2FuamUtNS5qcGciLCJzbGlkZXNob3ciOiI2NDBmZTMzNCJ9\">\n\t\t\t\t\t<div class=\"e-gallery-image elementor-gallery-item__image\" data-thumbnail=\"https:\/\/mito-petrovic.rs\/wp-content\/uploads\/2024\/11\/Struganje-5.jpg\" data-width=\"1600\" data-height=\"739\" aria-label=\"\" role=\"img\" ><\/div>\n\t\t\t\t\t\t\t\t\t\t\t<div class=\"elementor-gallery-item__overlay\"><\/div>\n\t\t\t\t\t\t\t\t\t\t\t\t\t\t<\/a>\n\t\t\t\t\t\t\t<a class=\"e-gallery-item elementor-gallery-item elementor-animated-content\" href=\"https:\/\/mito-petrovic.rs\/wp-content\/uploads\/2024\/11\/Struganje-6.jpg\" data-elementor-open-lightbox=\"yes\" data-elementor-lightbox-slideshow=\"640fe334\" data-elementor-lightbox-title=\"Struganje (6)\" data-e-action-hash=\"#elementor-action%3Aaction%3Dlightbox%26settings%3DeyJpZCI6MTU2OCwidXJsIjoiaHR0cHM6XC9cL21pdG8tcGV0cm92aWMucnNcL3dwLWNvbnRlbnRcL3VwbG9hZHNcLzIwMjRcLzExXC9TdHJ1Z2FuamUtNi5qcGciLCJzbGlkZXNob3ciOiI2NDBmZTMzNCJ9\">\n\t\t\t\t\t<div class=\"e-gallery-image elementor-gallery-item__image\" data-thumbnail=\"https:\/\/mito-petrovic.rs\/wp-content\/uploads\/2024\/11\/Struganje-6.jpg\" data-width=\"739\" data-height=\"1600\" aria-label=\"\" role=\"img\" ><\/div>\n\t\t\t\t\t\t\t\t\t\t\t<div class=\"elementor-gallery-item__overlay\"><\/div>\n\t\t\t\t\t\t\t\t\t\t\t\t\t\t<\/a>\n\t\t\t\t\t\t\t<a class=\"e-gallery-item elementor-gallery-item elementor-animated-content\" href=\"https:\/\/mito-petrovic.rs\/wp-content\/uploads\/2024\/11\/Struganje-7.jpg\" data-elementor-open-lightbox=\"yes\" data-elementor-lightbox-slideshow=\"640fe334\" data-elementor-lightbox-title=\"Struganje (7)\" data-e-action-hash=\"#elementor-action%3Aaction%3Dlightbox%26settings%3DeyJpZCI6MTU3MCwidXJsIjoiaHR0cHM6XC9cL21pdG8tcGV0cm92aWMucnNcL3dwLWNvbnRlbnRcL3VwbG9hZHNcLzIwMjRcLzExXC9TdHJ1Z2FuamUtNy5qcGciLCJzbGlkZXNob3ciOiI2NDBmZTMzNCJ9\">\n\t\t\t\t\t<div class=\"e-gallery-image elementor-gallery-item__image\" data-thumbnail=\"https:\/\/mito-petrovic.rs\/wp-content\/uploads\/2024\/11\/Struganje-7.jpg\" data-width=\"1599\" data-height=\"899\" aria-label=\"\" role=\"img\" ><\/div>\n\t\t\t\t\t\t\t\t\t\t\t<div class=\"elementor-gallery-item__overlay\"><\/div>\n\t\t\t\t\t\t\t\t\t\t\t\t\t\t<\/a>\n\t\t\t\t\t\t\t<a class=\"e-gallery-item elementor-gallery-item elementor-animated-content\" href=\"https:\/\/mito-petrovic.rs\/wp-content\/uploads\/2024\/11\/Struganje-8.jpg\" data-elementor-open-lightbox=\"yes\" data-elementor-lightbox-slideshow=\"640fe334\" data-elementor-lightbox-title=\"Struganje (8)\" data-e-action-hash=\"#elementor-action%3Aaction%3Dlightbox%26settings%3DeyJpZCI6MTU3MiwidXJsIjoiaHR0cHM6XC9cL21pdG8tcGV0cm92aWMucnNcL3dwLWNvbnRlbnRcL3VwbG9hZHNcLzIwMjRcLzExXC9TdHJ1Z2FuamUtOC5qcGciLCJzbGlkZXNob3ciOiI2NDBmZTMzNCJ9\">\n\t\t\t\t\t<div class=\"e-gallery-image elementor-gallery-item__image\" data-thumbnail=\"https:\/\/mito-petrovic.rs\/wp-content\/uploads\/2024\/11\/Struganje-8.jpg\" data-width=\"1600\" data-height=\"739\" aria-label=\"\" role=\"img\" ><\/div>\n\t\t\t\t\t\t\t\t\t\t\t<div class=\"elementor-gallery-item__overlay\"><\/div>\n\t\t\t\t\t\t\t\t\t\t\t\t\t\t<\/a>\n\t\t\t\t\t\t\t<a class=\"e-gallery-item elementor-gallery-item elementor-animated-content\" href=\"https:\/\/mito-petrovic.rs\/wp-content\/uploads\/2024\/11\/Struganje-1.jpg\" data-elementor-open-lightbox=\"yes\" data-elementor-lightbox-slideshow=\"640fe334\" data-elementor-lightbox-title=\"Struganje (1)\" data-e-action-hash=\"#elementor-action%3Aaction%3Dlightbox%26settings%3DeyJpZCI6MTU3NCwidXJsIjoiaHR0cHM6XC9cL21pdG8tcGV0cm92aWMucnNcL3dwLWNvbnRlbnRcL3VwbG9hZHNcLzIwMjRcLzExXC9TdHJ1Z2FuamUtMS5qcGciLCJzbGlkZXNob3ciOiI2NDBmZTMzNCJ9\">\n\t\t\t\t\t<div class=\"e-gallery-image elementor-gallery-item__image\" data-thumbnail=\"https:\/\/mito-petrovic.rs\/wp-content\/uploads\/2024\/11\/Struganje-1.jpg\" data-width=\"739\" data-height=\"1600\" aria-label=\"\" role=\"img\" ><\/div>\n\t\t\t\t\t\t\t\t\t\t\t<div class=\"elementor-gallery-item__overlay\"><\/div>\n\t\t\t\t\t\t\t\t\t\t\t\t\t\t<\/a>\n\t\t\t\t\t\t\t<a class=\"e-gallery-item elementor-gallery-item elementor-animated-content\" href=\"https:\/\/mito-petrovic.rs\/wp-content\/uploads\/2024\/11\/Struganje-2.jpg\" data-elementor-open-lightbox=\"yes\" data-elementor-lightbox-slideshow=\"640fe334\" data-elementor-lightbox-title=\"Struganje (2)\" data-e-action-hash=\"#elementor-action%3Aaction%3Dlightbox%26settings%3DeyJpZCI6MTU3NiwidXJsIjoiaHR0cHM6XC9cL21pdG8tcGV0cm92aWMucnNcL3dwLWNvbnRlbnRcL3VwbG9hZHNcLzIwMjRcLzExXC9TdHJ1Z2FuamUtMi5qcGciLCJzbGlkZXNob3ciOiI2NDBmZTMzNCJ9\">\n\t\t\t\t\t<div class=\"e-gallery-image elementor-gallery-item__image\" data-thumbnail=\"https:\/\/mito-petrovic.rs\/wp-content\/uploads\/2024\/11\/Struganje-2.jpg\" data-width=\"739\" data-height=\"1600\" aria-label=\"\" role=\"img\" ><\/div>\n\t\t\t\t\t\t\t\t\t\t\t<div class=\"elementor-gallery-item__overlay\"><\/div>\n\t\t\t\t\t\t\t\t\t\t\t\t\t\t<\/a>\n\t\t\t\t\t\t\t<a class=\"e-gallery-item elementor-gallery-item elementor-animated-content\" href=\"https:\/\/mito-petrovic.rs\/wp-content\/uploads\/2024\/11\/Struganje-3.jpg\" data-elementor-open-lightbox=\"yes\" data-elementor-lightbox-slideshow=\"640fe334\" data-elementor-lightbox-title=\"Struganje (3)\" data-e-action-hash=\"#elementor-action%3Aaction%3Dlightbox%26settings%3DeyJpZCI6MTU3OCwidXJsIjoiaHR0cHM6XC9cL21pdG8tcGV0cm92aWMucnNcL3dwLWNvbnRlbnRcL3VwbG9hZHNcLzIwMjRcLzExXC9TdHJ1Z2FuamUtMy5qcGciLCJzbGlkZXNob3ciOiI2NDBmZTMzNCJ9\">\n\t\t\t\t\t<div class=\"e-gallery-image elementor-gallery-item__image\" data-thumbnail=\"https:\/\/mito-petrovic.rs\/wp-content\/uploads\/2024\/11\/Struganje-3.jpg\" data-width=\"739\" data-height=\"1600\" aria-label=\"\" role=\"img\" ><\/div>\n\t\t\t\t\t\t\t\t\t\t\t<div class=\"elementor-gallery-item__overlay\"><\/div>\n\t\t\t\t\t\t\t\t\t\t\t\t\t\t<\/a>\n\t\t\t\t\t\t\t<a class=\"e-gallery-item elementor-gallery-item elementor-animated-content\" href=\"https:\/\/mito-petrovic.rs\/wp-content\/uploads\/2024\/11\/Struganje-4.jpg\" data-elementor-open-lightbox=\"yes\" data-elementor-lightbox-slideshow=\"640fe334\" data-elementor-lightbox-title=\"Struganje (4)\" data-e-action-hash=\"#elementor-action%3Aaction%3Dlightbox%26settings%3DeyJpZCI6MTU4MCwidXJsIjoiaHR0cHM6XC9cL21pdG8tcGV0cm92aWMucnNcL3dwLWNvbnRlbnRcL3VwbG9hZHNcLzIwMjRcLzExXC9TdHJ1Z2FuamUtNC5qcGciLCJzbGlkZXNob3ciOiI2NDBmZTMzNCJ9\">\n\t\t\t\t\t<div class=\"e-gallery-image elementor-gallery-item__image\" data-thumbnail=\"https:\/\/mito-petrovic.rs\/wp-content\/uploads\/2024\/11\/Struganje-4.jpg\" data-width=\"739\" data-height=\"1600\" aria-label=\"\" role=\"img\" ><\/div>\n\t\t\t\t\t\t\t\t\t\t\t<div class=\"elementor-gallery-item__overlay\"><\/div>\n\t\t\t\t\t\t\t\t\t\t\t\t\t\t<\/a>\n\t\t\t\t\t<\/div>\n\t\t\t\t\t<\/div>\n\t\t\t\t<\/div>\n\t\t\t\t\t<\/div>\n\t\t\t\t<\/div>\n\t\t<div class=\"elementor-element elementor-element-7fad4df4 e-flex e-con-boxed e-con e-parent\" data-id=\"7fad4df4\" data-element_type=\"container\">\n\t\t\t\t\t<div class=\"e-con-inner\">\n\t\t\t\t<div class=\"elementor-element elementor-element-74ae9897 elementor-cta--layout-image-above elementor-cta--skin-classic elementor-animated-content elementor-bg-transform elementor-bg-transform-zoom-in elementor-widget elementor-widget-call-to-action\" data-id=\"74ae9897\" data-element_type=\"widget\" data-widget_type=\"call-to-action.default\">\n\t\t\t\t<div class=\"elementor-widget-container\">\n\t\t\t\t\t\t\t<div class=\"elementor-cta\">\n\t\t\t\t\t<div class=\"elementor-cta__bg-wrapper\">\n\t\t\t\t<div class=\"elementor-cta__bg elementor-bg\" style=\"background-image: url(https:\/\/mito-petrovic.rs\/wp-content\/uploads\/2024\/10\/Proces-obrade-PO6.jpg);\" role=\"img\" aria-label=\"Proces obrade PO6\"><\/div>\n\t\t\t\t<div class=\"elementor-cta__bg-overlay\"><\/div>\n\t\t\t<\/div>\n\t\t\t\t\t\t\t<div class=\"elementor-cta__content\">\n\t\t\t\t\n\t\t\t\t\t\t\t\t\t<h2 class=\"elementor-cta__title elementor-cta__content-item elementor-content-item\">\n\t\t\t\t\t\tFordern Sie ein Angebot an\t\t\t\t\t<\/h2>\n\t\t\t\t\n\t\t\t\t\t\t\t\t\t<div class=\"elementor-cta__description elementor-cta__content-item elementor-content-item\">\n\t\t\t\t\t\t<p>Kontaktieren Sie uns f\u00fcr eine kostenlose Servicebewertung!<\/p>\n\t\t\t\t\t<\/div>\n\t\t\t\t\n\t\t\t\t\t\t\t\t\t<div class=\"elementor-cta__button-wrapper elementor-cta__content-item elementor-content-item \">\n\t\t\t\t\t<a class=\"elementor-cta__button elementor-button elementor-size-\" href=\"tel:063406104\">\n\t\t\t\t\t\t063 406 104\t\t\t\t\t<\/a>\n\t\t\t\t\t<\/div>\n\t\t\t\t\t\t\t<\/div>\n\t\t\t\t\t\t<\/div>\n\t\t\t\t\t\t<\/div>\n\t\t\t\t<\/div>\n\t\t\t\t\t<\/div>\n\t\t\t\t<\/div>\n\t\t\t\t<\/div>\n\t\t","protected":false},"excerpt":{"rendered":"<p>CNC-Drehen Unser CNC-Drehservice bietet pr\u00e4zise und ma\u00dfgeschneiderte Metallbearbeitung mit modernen CNC-Drehmaschinen. Kontaktieren Sie uns CNC-Drehen Wir bieten hochpr\u00e4zises CNC-Drehen f\u00fcr Teile bis zu Abmessungen von z. B. 900 mm x 2000 mm und erm\u00f6glichen so hervorragende Ergebnisse und eine ma\u00dfgeschneiderte Bearbeitung f\u00fcr verschiedene industrielle Anforderungen. Ganz gleich, ob Sie kleinere Teile mit einem Gewicht von [&hellip;]<\/p>\n","protected":false},"author":1,"featured_media":0,"parent":1694,"menu_order":0,"comment_status":"closed","ping_status":"closed","template":"","meta":{"footnotes":""},"class_list":["post-1688","page","type-page","status-publish","hentry"],"yoast_head":"<!-- This site is optimized with the Yoast SEO plugin v24.3 - https:\/\/yoast.com\/wordpress\/plugins\/seo\/ -->\n<title>CNC-Drehen | Mita Petrovi\u0107 \u010ca\u010dak<\/title>\n<meta name=\"description\" content=\"Wir bieten hochpr\u00e4zises CNC-Drehen f\u00fcr Teile bis zu Abmessungen von z. B. 900 mm x 2000 mm und f\u00fcr Bauteile mit einem Gewicht von bis zu 10 Tonnen.\" \/>\n<meta name=\"robots\" content=\"index, follow, max-snippet:-1, max-image-preview:large, max-video-preview:-1\" \/>\n<link rel=\"canonical\" href=\"https:\/\/mito-petrovic.rs\/de\/dienstleistungen\/schaben\/\" \/>\n<meta property=\"og:locale\" content=\"de_DE\" \/>\n<meta property=\"og:type\" content=\"article\" \/>\n<meta property=\"og:title\" content=\"CNC-Drehen | Mita Petrovi\u0107 \u010ca\u010dak\" \/>\n<meta property=\"og:description\" content=\"Wir bieten hochpr\u00e4zises CNC-Drehen f\u00fcr Teile bis zu Abmessungen von z. B. 900 mm x 2000 mm und f\u00fcr Bauteile mit einem Gewicht von bis zu 10 Tonnen.\" \/>\n<meta property=\"og:url\" content=\"https:\/\/mito-petrovic.rs\/de\/dienstleistungen\/schaben\/\" \/>\n<meta property=\"og:site_name\" content=\"Mita Petrovi\u0107 \u010ca\u010dak\" \/>\n<meta property=\"article:modified_time\" content=\"2024-11-18T12:41:06+00:00\" \/>\n<meta property=\"og:image\" content=\"https:\/\/mito-petrovic.rs\/wp-content\/uploads\/2024\/11\/Struganje-1.jpg\" \/>\n\t<meta property=\"og:image:width\" content=\"739\" \/>\n\t<meta property=\"og:image:height\" content=\"1600\" \/>\n\t<meta property=\"og:image:type\" content=\"image\/jpeg\" \/>\n<meta name=\"twitter:card\" content=\"summary_large_image\" \/>\n<meta name=\"twitter:label1\" content=\"Gesch\u00e4tzte Lesezeit\" \/>\n\t<meta name=\"twitter:data1\" content=\"1 Minute\" \/>\n<script type=\"application\/ld+json\" class=\"yoast-schema-graph\">{\"@context\":\"https:\/\/schema.org\",\"@graph\":[{\"@type\":\"WebPage\",\"@id\":\"https:\/\/mito-petrovic.rs\/de\/dienstleistungen\/schaben\/\",\"url\":\"https:\/\/mito-petrovic.rs\/de\/dienstleistungen\/schaben\/\",\"name\":\"CNC-Drehen | Mita Petrovi\u0107 \u010ca\u010dak\",\"isPartOf\":{\"@id\":\"https:\/\/mito-petrovic.rs\/de\/#website\"},\"primaryImageOfPage\":{\"@id\":\"https:\/\/mito-petrovic.rs\/de\/dienstleistungen\/schaben\/#primaryimage\"},\"image\":{\"@id\":\"https:\/\/mito-petrovic.rs\/de\/dienstleistungen\/schaben\/#primaryimage\"},\"thumbnailUrl\":\"https:\/\/mito-petrovic.rs\/wp-content\/uploads\/2024\/11\/Struganje-1-473x1024.jpg\",\"datePublished\":\"2024-10-10T14:11:35+00:00\",\"dateModified\":\"2024-11-18T12:41:06+00:00\",\"description\":\"Wir bieten hochpr\u00e4zises CNC-Drehen f\u00fcr Teile bis zu Abmessungen von z. B. 900 mm x 2000 mm und f\u00fcr Bauteile mit einem Gewicht von bis zu 10 Tonnen.\",\"breadcrumb\":{\"@id\":\"https:\/\/mito-petrovic.rs\/de\/dienstleistungen\/schaben\/#breadcrumb\"},\"inLanguage\":\"de\",\"potentialAction\":[{\"@type\":\"ReadAction\",\"target\":[\"https:\/\/mito-petrovic.rs\/de\/dienstleistungen\/schaben\/\"]}]},{\"@type\":\"ImageObject\",\"inLanguage\":\"de\",\"@id\":\"https:\/\/mito-petrovic.rs\/de\/dienstleistungen\/schaben\/#primaryimage\",\"url\":\"https:\/\/mito-petrovic.rs\/wp-content\/uploads\/2024\/11\/Struganje-1-473x1024.jpg\",\"contentUrl\":\"https:\/\/mito-petrovic.rs\/wp-content\/uploads\/2024\/11\/Struganje-1-473x1024.jpg\"},{\"@type\":\"BreadcrumbList\",\"@id\":\"https:\/\/mito-petrovic.rs\/de\/dienstleistungen\/schaben\/#breadcrumb\",\"itemListElement\":[{\"@type\":\"ListItem\",\"position\":1,\"name\":\"\u041f\u043e\u0447\u0435\u0442\u043d\u0430\",\"item\":\"https:\/\/mito-petrovic.rs\/de\/startseite\/\"},{\"@type\":\"ListItem\",\"position\":2,\"name\":\"Dienstleistungen\",\"item\":\"https:\/\/mito-petrovic.rs\/de\/dienstleistungen\/\"},{\"@type\":\"ListItem\",\"position\":3,\"name\":\"Schaben\"}]},{\"@type\":\"WebSite\",\"@id\":\"https:\/\/mito-petrovic.rs\/de\/#website\",\"url\":\"https:\/\/mito-petrovic.rs\/de\/\",\"name\":\"Mita Petrovi\u0107 \u010ca\u010dak\",\"description\":\"Proizvodnja ma\u0161inskih elemenata\",\"publisher\":{\"@id\":\"https:\/\/mito-petrovic.rs\/de\/#organization\"},\"potentialAction\":[{\"@type\":\"SearchAction\",\"target\":{\"@type\":\"EntryPoint\",\"urlTemplate\":\"https:\/\/mito-petrovic.rs\/de\/?s={search_term_string}\"},\"query-input\":{\"@type\":\"PropertyValueSpecification\",\"valueRequired\":true,\"valueName\":\"search_term_string\"}}],\"inLanguage\":\"de\"},{\"@type\":\"Organization\",\"@id\":\"https:\/\/mito-petrovic.rs\/de\/#organization\",\"name\":\"Mita Petrovi\u0107 \u010ca\u010dak\",\"alternateName\":\"MPR\",\"url\":\"https:\/\/mito-petrovic.rs\/de\/\",\"logo\":{\"@type\":\"ImageObject\",\"inLanguage\":\"de\",\"@id\":\"https:\/\/mito-petrovic.rs\/de\/#\/schema\/logo\/image\/\",\"url\":\"https:\/\/mito-petrovic.rs\/wp-content\/uploads\/2024\/10\/logo_mita_petrovic_1_350x453.jpg\",\"contentUrl\":\"https:\/\/mito-petrovic.rs\/wp-content\/uploads\/2024\/10\/logo_mita_petrovic_1_350x453.jpg\",\"width\":350,\"height\":453,\"caption\":\"Mita Petrovi\u0107 \u010ca\u010dak\"},\"image\":{\"@id\":\"https:\/\/mito-petrovic.rs\/de\/#\/schema\/logo\/image\/\"}}]}<\/script>\n<!-- \/ Yoast SEO plugin. -->","yoast_head_json":{"title":"CNC-Drehen | Mita Petrovi\u0107 \u010ca\u010dak","description":"Wir bieten hochpr\u00e4zises CNC-Drehen f\u00fcr Teile bis zu Abmessungen von z. B. 900 mm x 2000 mm und f\u00fcr Bauteile mit einem Gewicht von bis zu 10 Tonnen.","robots":{"index":"index","follow":"follow","max-snippet":"max-snippet:-1","max-image-preview":"max-image-preview:large","max-video-preview":"max-video-preview:-1"},"canonical":"https:\/\/mito-petrovic.rs\/de\/dienstleistungen\/schaben\/","og_locale":"de_DE","og_type":"article","og_title":"CNC-Drehen | Mita Petrovi\u0107 \u010ca\u010dak","og_description":"Wir bieten hochpr\u00e4zises CNC-Drehen f\u00fcr Teile bis zu Abmessungen von z. B. 900 mm x 2000 mm und f\u00fcr Bauteile mit einem Gewicht von bis zu 10 Tonnen.","og_url":"https:\/\/mito-petrovic.rs\/de\/dienstleistungen\/schaben\/","og_site_name":"Mita Petrovi\u0107 \u010ca\u010dak","article_modified_time":"2024-11-18T12:41:06+00:00","og_image":[{"width":739,"height":1600,"url":"https:\/\/mito-petrovic.rs\/wp-content\/uploads\/2024\/11\/Struganje-1.jpg","type":"image\/jpeg"}],"twitter_card":"summary_large_image","twitter_misc":{"Gesch\u00e4tzte Lesezeit":"1 Minute"},"schema":{"@context":"https:\/\/schema.org","@graph":[{"@type":"WebPage","@id":"https:\/\/mito-petrovic.rs\/de\/dienstleistungen\/schaben\/","url":"https:\/\/mito-petrovic.rs\/de\/dienstleistungen\/schaben\/","name":"CNC-Drehen | Mita Petrovi\u0107 \u010ca\u010dak","isPartOf":{"@id":"https:\/\/mito-petrovic.rs\/de\/#website"},"primaryImageOfPage":{"@id":"https:\/\/mito-petrovic.rs\/de\/dienstleistungen\/schaben\/#primaryimage"},"image":{"@id":"https:\/\/mito-petrovic.rs\/de\/dienstleistungen\/schaben\/#primaryimage"},"thumbnailUrl":"https:\/\/mito-petrovic.rs\/wp-content\/uploads\/2024\/11\/Struganje-1-473x1024.jpg","datePublished":"2024-10-10T14:11:35+00:00","dateModified":"2024-11-18T12:41:06+00:00","description":"Wir bieten hochpr\u00e4zises CNC-Drehen f\u00fcr Teile bis zu Abmessungen von z. B. 900 mm x 2000 mm und f\u00fcr Bauteile mit einem Gewicht von bis zu 10 Tonnen.","breadcrumb":{"@id":"https:\/\/mito-petrovic.rs\/de\/dienstleistungen\/schaben\/#breadcrumb"},"inLanguage":"de","potentialAction":[{"@type":"ReadAction","target":["https:\/\/mito-petrovic.rs\/de\/dienstleistungen\/schaben\/"]}]},{"@type":"ImageObject","inLanguage":"de","@id":"https:\/\/mito-petrovic.rs\/de\/dienstleistungen\/schaben\/#primaryimage","url":"https:\/\/mito-petrovic.rs\/wp-content\/uploads\/2024\/11\/Struganje-1-473x1024.jpg","contentUrl":"https:\/\/mito-petrovic.rs\/wp-content\/uploads\/2024\/11\/Struganje-1-473x1024.jpg"},{"@type":"BreadcrumbList","@id":"https:\/\/mito-petrovic.rs\/de\/dienstleistungen\/schaben\/#breadcrumb","itemListElement":[{"@type":"ListItem","position":1,"name":"\u041f\u043e\u0447\u0435\u0442\u043d\u0430","item":"https:\/\/mito-petrovic.rs\/de\/startseite\/"},{"@type":"ListItem","position":2,"name":"Dienstleistungen","item":"https:\/\/mito-petrovic.rs\/de\/dienstleistungen\/"},{"@type":"ListItem","position":3,"name":"Schaben"}]},{"@type":"WebSite","@id":"https:\/\/mito-petrovic.rs\/de\/#website","url":"https:\/\/mito-petrovic.rs\/de\/","name":"Mita Petrovi\u0107 \u010ca\u010dak","description":"Proizvodnja ma\u0161inskih elemenata","publisher":{"@id":"https:\/\/mito-petrovic.rs\/de\/#organization"},"potentialAction":[{"@type":"SearchAction","target":{"@type":"EntryPoint","urlTemplate":"https:\/\/mito-petrovic.rs\/de\/?s={search_term_string}"},"query-input":{"@type":"PropertyValueSpecification","valueRequired":true,"valueName":"search_term_string"}}],"inLanguage":"de"},{"@type":"Organization","@id":"https:\/\/mito-petrovic.rs\/de\/#organization","name":"Mita Petrovi\u0107 \u010ca\u010dak","alternateName":"MPR","url":"https:\/\/mito-petrovic.rs\/de\/","logo":{"@type":"ImageObject","inLanguage":"de","@id":"https:\/\/mito-petrovic.rs\/de\/#\/schema\/logo\/image\/","url":"https:\/\/mito-petrovic.rs\/wp-content\/uploads\/2024\/10\/logo_mita_petrovic_1_350x453.jpg","contentUrl":"https:\/\/mito-petrovic.rs\/wp-content\/uploads\/2024\/10\/logo_mita_petrovic_1_350x453.jpg","width":350,"height":453,"caption":"Mita Petrovi\u0107 \u010ca\u010dak"},"image":{"@id":"https:\/\/mito-petrovic.rs\/de\/#\/schema\/logo\/image\/"}}]}},"_links":{"self":[{"href":"https:\/\/mito-petrovic.rs\/de\/wp-json\/wp\/v2\/pages\/1688","targetHints":{"allow":["GET"]}}],"collection":[{"href":"https:\/\/mito-petrovic.rs\/de\/wp-json\/wp\/v2\/pages"}],"about":[{"href":"https:\/\/mito-petrovic.rs\/de\/wp-json\/wp\/v2\/types\/page"}],"author":[{"embeddable":true,"href":"https:\/\/mito-petrovic.rs\/de\/wp-json\/wp\/v2\/users\/1"}],"replies":[{"embeddable":true,"href":"https:\/\/mito-petrovic.rs\/de\/wp-json\/wp\/v2\/comments?post=1688"}],"version-history":[{"count":3,"href":"https:\/\/mito-petrovic.rs\/de\/wp-json\/wp\/v2\/pages\/1688\/revisions"}],"predecessor-version":[{"id":1842,"href":"https:\/\/mito-petrovic.rs\/de\/wp-json\/wp\/v2\/pages\/1688\/revisions\/1842"}],"up":[{"embeddable":true,"href":"https:\/\/mito-petrovic.rs\/de\/wp-json\/wp\/v2\/pages\/1694"}],"wp:attachment":[{"href":"https:\/\/mito-petrovic.rs\/de\/wp-json\/wp\/v2\/media?parent=1688"}],"curies":[{"name":"wp","href":"https:\/\/api.w.org\/{rel}","templated":true}]}}