{"id":1695,"date":"2024-10-10T11:03:10","date_gmt":"2024-10-10T11:03:10","guid":{"rendered":"https:\/\/mito-petrovic.rs\/services\/"},"modified":"2024-11-18T12:33:55","modified_gmt":"2024-11-18T12:33:55","slug":"services","status":"publish","type":"page","link":"https:\/\/mito-petrovic.rs\/en\/services\/","title":{"rendered":"Services"},"content":{"rendered":"\t\t<div data-elementor-type=\"wp-page\" data-elementor-id=\"1695\" class=\"elementor elementor-1695 elementor-139\" data-elementor-post-type=\"page\">\n\t\t\t\t<div class=\"elementor-element elementor-element-c36f3f5 e-con-full e-flex e-con e-parent\" data-id=\"c36f3f5\" data-element_type=\"container\" data-settings=\"{&quot;background_background&quot;:&quot;classic&quot;}\">\n\t\t\t\t<div class=\"elementor-element elementor-element-bb7e3af elementor-widget elementor-widget-heading\" data-id=\"bb7e3af\" data-element_type=\"widget\" data-widget_type=\"heading.default\">\n\t\t\t\t<div class=\"elementor-widget-container\">\n\t\t\t\t\t<h1 class=\"elementor-heading-title elementor-size-default\">Metal machining services<\/h1>\t\t\t\t<\/div>\n\t\t\t\t<\/div>\n\t\t\t\t<div class=\"elementor-element elementor-element-b441c77 elementor-widget elementor-widget-text-editor\" data-id=\"b441c77\" data-element_type=\"widget\" data-widget_type=\"text-editor.default\">\n\t\t\t\t<div class=\"elementor-widget-container\">\n\t\t\t\t\t\t\t\t\t<p>Quality, precision and innovation in every project.<\/p>\n\t\t\t\t\t\t\t\t<\/div>\n\t\t\t\t<\/div>\n\t\t\t\t<\/div>\n\t\t<div class=\"elementor-element elementor-element-673d277 e-flex e-con-boxed e-con e-parent\" data-id=\"673d277\" data-element_type=\"container\">\n\t\t\t\t\t<div class=\"e-con-inner\">\n\t\t\t\t<div class=\"elementor-element elementor-element-40aa580 elementor-widget elementor-widget-heading\" data-id=\"40aa580\" data-element_type=\"widget\" data-widget_type=\"heading.default\">\n\t\t\t\t<div class=\"elementor-widget-container\">\n\t\t\t\t\t<h2 class=\"elementor-heading-title elementor-size-default\">Metal machining services<\/h2>\t\t\t\t<\/div>\n\t\t\t\t<\/div>\n\t\t\t\t<div class=\"elementor-element elementor-element-e3ec8b1 elementor-widget elementor-widget-text-editor\" data-id=\"e3ec8b1\" data-element_type=\"widget\" data-widget_type=\"text-editor.default\">\n\t\t\t\t<div class=\"elementor-widget-container\">\n\t\t\t\t\t\t\t\t\t<p>Our company &#8220;Mita Petrovi\u0107&#8221; specializes in various metal processing techniques such as turning, milling, grinding and welding. Combining over 40 years of experience and state-of-the-art CNC technology, we provide superior metal machining services on customer demand, whether it is small precision parts or heavy components up to 10 tons. Our team works on the basis of technical drawings or samples, carefully choosing the technique and tools depending on the material and the complexity of the project.<\/p>\n<p>In our workshop, we apply a wide range of processing methods, from basic ones such as milling and turning, to advanced welding and grinding techniques. We make every element with a focus on accuracy and quality, whether it&#8217;s parts of a few grams or larger components. We pay special attention to quality control during every stage of production, guaranteeing a high level of precision.<\/p>\n<p>Thanks to modern machines and expertise, we can process a variety of materials, such as steel, aluminum, copper and other alloys, and adapt to all client requirements, both for small series and for larger projects. We offer a complete service, from development, through production, to final assembly, delivering products that meet the highest industry standards.<\/p>\n<p>Explore our services to learn how we can enhance your projects with our custom metal machining services.<\/p>\n\t\t\t\t\t\t\t\t<\/div>\n\t\t\t\t<\/div>\n\t\t\t\t\t<\/div>\n\t\t\t\t<\/div>\n\t\t<div class=\"elementor-element elementor-element-94579ba e-flex e-con-boxed e-con e-parent\" data-id=\"94579ba\" data-element_type=\"container\" data-settings=\"{&quot;background_background&quot;:&quot;classic&quot;}\">\n\t\t\t\t\t<div class=\"e-con-inner\">\n\t\t<div class=\"elementor-element elementor-element-0364cc3 e-grid e-con-full e-con e-child\" data-id=\"0364cc3\" data-element_type=\"container\">\n\t\t<div class=\"elementor-element elementor-element-d5d4020 e-con-full e-flex elementor-invisible e-con e-child\" data-id=\"d5d4020\" data-element_type=\"container\" data-settings=\"{&quot;background_background&quot;:&quot;gradient&quot;,&quot;animation&quot;:&quot;rotateIn&quot;}\">\n\t\t\t\t<div class=\"elementor-element elementor-element-67ab134 elementor-view-default elementor-position-top elementor-mobile-position-top elementor-widget elementor-widget-icon-box\" data-id=\"67ab134\" data-element_type=\"widget\" data-widget_type=\"icon-box.default\">\n\t\t\t\t<div class=\"elementor-widget-container\">\n\t\t\t\t\t\t\t<div class=\"elementor-icon-box-wrapper\">\n\n\t\t\t\t\t\t<div class=\"elementor-icon-box-icon\">\n\t\t\t\t<a href=\"https:\/\/redizajn.mito-petrovic.rs\/usluge\/struganje\/\" class=\"elementor-icon elementor-animation-bounce-in\" tabindex=\"-1\" aria-label=\"Scraping\">\n\t\t\t\t<svg xmlns=\"http:\/\/www.w3.org\/2000\/svg\" id=\"Layer_1\" data-name=\"Layer 1\" viewBox=\"0 0 24 24\" width=\"512\" height=\"512\"><path d=\"M10.37,10.67l1.95,1.12,1.5-2.6-1.94-1.12c.08-.35,.12-.71,.12-1.08s-.05-.73-.12-1.08l1.94-1.12-1.5-2.6-1.95,1.12c-.53-.49-1.17-.85-1.87-1.07V0h-3V2.26c-.7,.22-1.34,.59-1.87,1.07l-1.95-1.12L.19,4.81l1.94,1.12c-.08,.35-.12,.71-.12,1.08s.05,.73,.12,1.08L.19,9.19l1.5,2.6,1.95-1.12c.53,.49,1.17,.85,1.87,1.07v2.26h3v-2.26c.7-.22,1.34-.59,1.87-1.07Zm-3.37-5.67c1.1,0,2,.9,2,2s-.9,2-2,2-2-.9-2-2,.9-2,2-2Zm15,12c0-.37-.05-.73-.12-1.08l1.94-1.12-1.5-2.6-1.95,1.12c-.53-.49-1.17-.85-1.87-1.07v-2.26h-3v2.26c-.7,.22-1.34,.59-1.87,1.07l-1.95-1.12-1.5,2.6,1.94,1.12c-.08,.35-.12,.71-.12,1.08s.05,.73,.12,1.08l-1.94,1.12,1.5,2.6,1.95-1.12c.53,.49,1.17,.85,1.87,1.07v2.26h3v-2.26c.7-.22,1.34-.59,1.87-1.07l1.95,1.12,1.5-2.6-1.94-1.12c.08-.35,.12-.71,.12-1.08Zm-5,2c-1.1,0-2-.9-2-2s.9-2,2-2,2,.9,2,2-.9,2-2,2Z\"><\/path><\/svg>\t\t\t\t<\/a>\n\t\t\t<\/div>\n\t\t\t\n\t\t\t\t\t\t<div class=\"elementor-icon-box-content\">\n\n\t\t\t\t\t\t\t\t\t<h3 class=\"elementor-icon-box-title\">\n\t\t\t\t\t\t<a href=\"https:\/\/redizajn.mito-petrovic.rs\/usluge\/struganje\/\" >\n\t\t\t\t\t\t\tScraping\t\t\t\t\t\t<\/a>\n\t\t\t\t\t<\/h3>\n\t\t\t\t\n\t\t\t\t\t\t\t\t\t<p class=\"elementor-icon-box-description\">\n\t\t\t\t\t\tOur turning service provides precise and customized metal machining, using modern CNC turning machines up to fi 900mm x 2000mm\t\t\t\t\t<\/p>\n\t\t\t\t\n\t\t\t<\/div>\n\t\t\t\n\t\t<\/div>\n\t\t\t\t\t\t<\/div>\n\t\t\t\t<\/div>\n\t\t\t\t<\/div>\n\t\t<div class=\"elementor-element elementor-element-ac34f89 e-con-full e-flex elementor-invisible e-con e-child\" data-id=\"ac34f89\" data-element_type=\"container\" data-settings=\"{&quot;background_background&quot;:&quot;gradient&quot;,&quot;animation&quot;:&quot;rotateIn&quot;}\">\n\t\t\t\t<div class=\"elementor-element elementor-element-64f46a9 elementor-view-default elementor-position-top elementor-mobile-position-top elementor-widget elementor-widget-icon-box\" data-id=\"64f46a9\" data-element_type=\"widget\" data-widget_type=\"icon-box.default\">\n\t\t\t\t<div class=\"elementor-widget-container\">\n\t\t\t\t\t\t\t<div class=\"elementor-icon-box-wrapper\">\n\n\t\t\t\t\t\t<div class=\"elementor-icon-box-icon\">\n\t\t\t\t<a href=\"https:\/\/redizajn.mito-petrovic.rs\/usluge\/glodanje\/\" class=\"elementor-icon elementor-animation-bounce-in\" tabindex=\"-1\" aria-label=\"Milling\">\n\t\t\t\t<svg xmlns=\"http:\/\/www.w3.org\/2000\/svg\" width=\"225.000000pt\" height=\"225.000000pt\" viewBox=\"0 0 225.000000 225.000000\" preserveAspectRatio=\"xMidYMid meet\"><metadata> Created by potrace 1.10, written by Peter Selinger 2001-2011 <\/metadata><g transform=\"translate(0.000000,225.000000) scale(0.050000,-0.050000)\" fill=\"#000000\" stroke=\"none\"><path d=\"M1424 4476 c-15 -15 -24 -94 -24 -218 0 -252 23 -287 193 -290 l117 -1 6 -84 c6 -77 3 -83 -43 -83 -110 0 -113 -6 -113 -257 l0 -233 170 -255 c155 -232 176 -255 230 -255 l60 0 0 -1376 c0 -1397 1 -1424 70 -1424 26 0 352 234 375 268 8 12 15 587 15 1277 l0 1255 60 0 c54 0 75 23 230 255 l170 255 0 221 c0 241 -11 269 -105 269 -55 0 -57 4 -51 83 l6 84 117 1 c170 3 193 37 193 294 0 174 -4 199 -39 217 -58 32 -1606 28 -1637 -3z m1536 -246 l0 -130 -710 0 -710 0 0 130 0 130 710 0 710 0 0 -130z m-320 -345 l0 -85 -390 0 -390 0 0 85 0 85 390 0 390 0 0 -85z m160 -350 l0 -125 -550 0 -550 0 0 125 0 125 550 0 550 0 0 -125z m-60 -268 c0 -2 -50 -77 -111 -165 l-112 -162 -267 0 -267 0 -112 162 c-61 88 -111 163 -111 165 0 1 221 3 490 3 270 0 490 -2 490 -3z m-401 -532 c0 -53 -16 -77 -90 -131 l-89 -65 0 130 0 131 90 0 c88 0 90 -1 89 -65z m-53 -489 c-120 -100 -126 -99 -126 20 0 103 3 109 85 169 l85 61 6 -101 c6 -91 0 -107 -50 -149z m54 -244 c0 -92 -99 -222 -168 -222 -55 0 -6 201 63 257 99 81 105 80 105 -35z m0 -389 c0 -103 -3 -108 -90 -171 l-90 -64 0 107 c0 98 92 221 175 234 3 1 5 -47 5 -106z m0 -391 c0 -92 -99 -222 -168 -222 -55 0 -6 201 63 257 99 81 105 80 105 -35z m-34 -514 c-20 -16 -61 -47 -91 -70 l-55 -41 0 110 c0 106 3 112 85 172 l85 63 6 -103 c5 -80 -2 -109 -30 -131z m34 -265 c0 -89 -101 -223 -169 -223 -56 0 -4 215 65 264 99 73 104 71 104 -41z\"><\/path><\/g><\/svg>\t\t\t\t<\/a>\n\t\t\t<\/div>\n\t\t\t\n\t\t\t\t\t\t<div class=\"elementor-icon-box-content\">\n\n\t\t\t\t\t\t\t\t\t<h3 class=\"elementor-icon-box-title\">\n\t\t\t\t\t\t<a href=\"https:\/\/redizajn.mito-petrovic.rs\/usluge\/glodanje\/\" >\n\t\t\t\t\t\t\tMilling\t\t\t\t\t\t<\/a>\n\t\t\t\t\t<\/h3>\n\t\t\t\t\n\t\t\t\t\t\t\t\t\t<p class=\"elementor-icon-box-description\">\n\t\t\t\t\t\tCNC milling with maximum dimensions of up to 3000mm x 1500mm x 1500mm, and the weight of the workpiece can be up to 10 tons.\t\t\t\t\t<\/p>\n\t\t\t\t\n\t\t\t<\/div>\n\t\t\t\n\t\t<\/div>\n\t\t\t\t\t\t<\/div>\n\t\t\t\t<\/div>\n\t\t\t\t<\/div>\n\t\t<div class=\"elementor-element elementor-element-182720c e-con-full e-flex elementor-invisible e-con e-child\" data-id=\"182720c\" data-element_type=\"container\" data-settings=\"{&quot;background_background&quot;:&quot;gradient&quot;,&quot;animation&quot;:&quot;rotateIn&quot;}\">\n\t\t\t\t<div class=\"elementor-element elementor-element-159d6f7 elementor-view-default elementor-position-top elementor-mobile-position-top elementor-widget elementor-widget-icon-box\" data-id=\"159d6f7\" data-element_type=\"widget\" data-widget_type=\"icon-box.default\">\n\t\t\t\t<div class=\"elementor-widget-container\">\n\t\t\t\t\t\t\t<div class=\"elementor-icon-box-wrapper\">\n\n\t\t\t\t\t\t<div class=\"elementor-icon-box-icon\">\n\t\t\t\t<a href=\"https:\/\/redizajn.mito-petrovic.rs\/usluge\/brusenje\/\" class=\"elementor-icon elementor-animation-bounce-in\" tabindex=\"-1\" aria-label=\"Grinding\">\n\t\t\t\t<svg xmlns=\"http:\/\/www.w3.org\/2000\/svg\" id=\"Layer_1\" data-name=\"Layer 1\" viewBox=\"0 0 24 24\" width=\"512\" height=\"512\"><path d=\"M12,5C2.749,5.3,2.751,18.707,12,19,21.251,18.7,21.249,5.293,12,5Zm0,12c-6.608-.21-6.606-9.791,0-10C18.608,7.21,18.606,16.791,12,17ZM22.611,9.1a10.8,10.8,0,0,0-1.056-2.542,2,2,0,0,0-.363-2.332L19.778,2.808a2.01,2.01,0,0,0-2.334-.364A10.805,10.805,0,0,0,14.9,1.389,2,2,0,0,0,13,0H11A2,2,0,0,0,9.1,1.389a10.805,10.805,0,0,0-2.54,1.055,2,2,0,0,0-.918-.222,1.947,1.947,0,0,0-1.416.586L2.808,4.222a2,2,0,0,0-.363,2.332A10.8,10.8,0,0,0,1.389,9.1,2,2,0,0,0,0,11v2a2,2,0,0,0,1.389,1.9,10.805,10.805,0,0,0,1.055,2.54,2.01,2.01,0,0,0,.364,2.334l1.414,1.414a2.01,2.01,0,0,0,2.334.364A10.805,10.805,0,0,0,9.1,22.611,2,2,0,0,0,11,24h2a2,2,0,0,0,1.9-1.389,10.805,10.805,0,0,0,2.54-1.055,2.01,2.01,0,0,0,2.334-.364l1.414-1.414a2.01,2.01,0,0,0,.364-2.334,10.805,10.805,0,0,0,1.055-2.54A2,2,0,0,0,24,13V11A2,2,0,0,0,22.611,9.1ZM22,13H20.981l-.163.8a8.884,8.884,0,0,1-1.311,3.157l-.452.682.723.723-1.414,1.414-.723-.723-.682.452A8.884,8.884,0,0,1,13.8,20.818l-.8.163V22H11V20.981l-.8-.163a8.884,8.884,0,0,1-3.157-1.311l-.682-.452-.723.723L4.222,18.364l.723-.723-.452-.682A8.884,8.884,0,0,1,3.182,13.8L3.019,13H2V11H3.019l.163-.8A8.884,8.884,0,0,1,4.493,7.041l.452-.682-.723-.723L5.636,4.222l.723.723.682-.452A8.884,8.884,0,0,1,10.2,3.182l.8-.163V2h2V3.019l.8.163a8.884,8.884,0,0,1,3.157,1.311l.682.452.723-.723,1.414,1.414-.723.723.452.682A8.884,8.884,0,0,1,20.818,10.2l.163.8H22ZM13,9a1,1,0,0,1-2,0A1,1,0,0,1,13,9Zm2,2a1,1,0,0,1,0,2A1,1,0,0,1,15,11Zm-5,1a1,1,0,0,1-2,0A1,1,0,0,1,10,12Zm3,3a1,1,0,0,1-2,0A1,1,0,0,1,13,15Z\"><\/path><\/svg>\t\t\t\t<\/a>\n\t\t\t<\/div>\n\t\t\t\n\t\t\t\t\t\t<div class=\"elementor-icon-box-content\">\n\n\t\t\t\t\t\t\t\t\t<h3 class=\"elementor-icon-box-title\">\n\t\t\t\t\t\t<a href=\"https:\/\/redizajn.mito-petrovic.rs\/usluge\/brusenje\/\" >\n\t\t\t\t\t\t\tGrinding\t\t\t\t\t\t<\/a>\n\t\t\t\t\t<\/h3>\n\t\t\t\t\n\t\t\t\t\t\t\t\t\t<p class=\"elementor-icon-box-description\">\n\t\t\t\t\t\t<b>Flat sanding<\/b> 1000mm x 500mm<br> <b>Comprehensive grinding<\/b> up to fi 340mm x 2500mm<br> <b>Hole grinding<\/b> up to fi 800mm\t\t\t\t\t<\/p>\n\t\t\t\t\n\t\t\t<\/div>\n\t\t\t\n\t\t<\/div>\n\t\t\t\t\t\t<\/div>\n\t\t\t\t<\/div>\n\t\t\t\t<\/div>\n\t\t<div class=\"elementor-element elementor-element-c74c48e e-con-full e-flex elementor-invisible e-con e-child\" data-id=\"c74c48e\" data-element_type=\"container\" data-settings=\"{&quot;background_background&quot;:&quot;gradient&quot;,&quot;animation&quot;:&quot;rotateIn&quot;}\">\n\t\t\t\t<div class=\"elementor-element elementor-element-b5d2e45 elementor-view-default elementor-position-top elementor-mobile-position-top elementor-widget elementor-widget-icon-box\" data-id=\"b5d2e45\" data-element_type=\"widget\" data-widget_type=\"icon-box.default\">\n\t\t\t\t<div class=\"elementor-widget-container\">\n\t\t\t\t\t\t\t<div class=\"elementor-icon-box-wrapper\">\n\n\t\t\t\t\t\t<div class=\"elementor-icon-box-icon\">\n\t\t\t\t<a href=\"https:\/\/redizajn.mito-petrovic.rs\/usluge\/zavarivanje\/\" class=\"elementor-icon elementor-animation-bounce-in\" tabindex=\"-1\" aria-label=\"Welding\">\n\t\t\t\t<svg xmlns=\"http:\/\/www.w3.org\/2000\/svg\" id=\"Layer_1\" data-name=\"Layer 1\" viewBox=\"0 0 24 24\"><path d=\"m24,6h-2.757c-.619-1.746-2.287-3-4.243-3H4V1h-1v2H0v9h2.655L.09,20.967c-.203.727-.058,1.487.397,2.089.456.6,1.149.944,1.903.944,1.067,0,2.013-.718,2.3-1.742l1.501-5.258h2.808v2h1v-5h-1v2h-2.523l1.142-4h9.381c1.956,0,3.624-1.254,4.243-3h2.757v-3ZM3.729,21.985c-.167.598-.718,1.015-1.338,1.015-.438,0-.842-.2-1.106-.549-.265-.35-.35-.793-.232-1.212l2.643-9.239h2.884l-2.851,9.985Zm13.271-10.985H1v-7h16c1.93,0,3.5,1.57,3.5,3.5s-1.57,3.5-3.5,3.5Zm6-3h-1.528c.018-.164.028-.331.028-.5s-.01-.336-.028-.5h1.528v1Zm-10.5-2H4.5c-.827,0-1.5.673-1.5,1.5s.673,1.5,1.5,1.5h8c.827,0,1.5-.673,1.5-1.5s-.673-1.5-1.5-1.5Zm0,2H4.5c-.275,0-.5-.225-.5-.5s.225-.5.5-.5h8c.275,0,.5.225.5.5s-.225.5-.5.5Z\"><\/path><\/svg>\t\t\t\t<\/a>\n\t\t\t<\/div>\n\t\t\t\n\t\t\t\t\t\t<div class=\"elementor-icon-box-content\">\n\n\t\t\t\t\t\t\t\t\t<h3 class=\"elementor-icon-box-title\">\n\t\t\t\t\t\t<a href=\"https:\/\/redizajn.mito-petrovic.rs\/usluge\/zavarivanje\/\" >\n\t\t\t\t\t\t\tWelding\t\t\t\t\t\t<\/a>\n\t\t\t\t\t<\/h3>\n\t\t\t\t\n\t\t\t\t\t\t\t\t\t<p class=\"elementor-icon-box-description\">\n\t\t\t\t\t\tWe offer welding on CNC and universal machines, with precision and safety in every project, ensuring high quality standards.\t\t\t\t\t<\/p>\n\t\t\t\t\n\t\t\t<\/div>\n\t\t\t\n\t\t<\/div>\n\t\t\t\t\t\t<\/div>\n\t\t\t\t<\/div>\n\t\t\t\t<\/div>\n\t\t\t\t<\/div>\n\t\t\t\t\t<\/div>\n\t\t\t\t<\/div>\n\t\t<div class=\"elementor-element elementor-element-c667c98 e-flex e-con-boxed e-con e-parent\" data-id=\"c667c98\" data-element_type=\"container\">\n\t\t\t\t\t<div class=\"e-con-inner\">\n\t\t\t\t<div class=\"elementor-element elementor-element-232aa6b elementor-cta--layout-image-above elementor-cta--skin-classic elementor-animated-content elementor-bg-transform elementor-bg-transform-zoom-in elementor-widget elementor-widget-call-to-action\" data-id=\"232aa6b\" data-element_type=\"widget\" data-widget_type=\"call-to-action.default\">\n\t\t\t\t<div class=\"elementor-widget-container\">\n\t\t\t\t\t\t\t<div class=\"elementor-cta\">\n\t\t\t\t\t<div class=\"elementor-cta__bg-wrapper\">\n\t\t\t\t<div class=\"elementor-cta__bg elementor-bg\" style=\"background-image: url(https:\/\/mito-petrovic.rs\/wp-content\/uploads\/2024\/10\/Proces-obrade-PO6.jpg);\" role=\"img\" aria-label=\"Proces obrade PO6\"><\/div>\n\t\t\t\t<div class=\"elementor-cta__bg-overlay\"><\/div>\n\t\t\t<\/div>\n\t\t\t\t\t\t\t<div class=\"elementor-cta__content\">\n\t\t\t\t\n\t\t\t\t\t\t\t\t\t<h2 class=\"elementor-cta__title elementor-cta__content-item elementor-content-item\">\n\t\t\t\t\t\tRequest a quote\t\t\t\t\t<\/h2>\n\t\t\t\t\n\t\t\t\t\t\t\t\t\t<div class=\"elementor-cta__description elementor-cta__content-item elementor-content-item\">\n\t\t\t\t\t\t<p>Contact us for a free service evaluation!<\/p>\n\t\t\t\t\t<\/div>\n\t\t\t\t\n\t\t\t\t\t\t\t\t\t<div class=\"elementor-cta__button-wrapper elementor-cta__content-item elementor-content-item \">\n\t\t\t\t\t<a class=\"elementor-cta__button elementor-button elementor-size-\" href=\"tel:+38163406104\">\n\t\t\t\t\t\t+381 63 406 104\t\t\t\t\t<\/a>\n\t\t\t\t\t<\/div>\n\t\t\t\t\t\t\t<\/div>\n\t\t\t\t\t\t<\/div>\n\t\t\t\t\t\t<\/div>\n\t\t\t\t<\/div>\n\t\t\t\t\t<\/div>\n\t\t\t\t<\/div>\n\t\t\t\t<\/div>\n\t\t","protected":false},"excerpt":{"rendered":"<p>Metal machining services Quality, precision and innovation in every project. Metal machining services Our company &#8220;Mita Petrovi\u0107&#8221; specializes in various metal processing techniques such as turning, milling, grinding and welding. Combining over 40 years of experience and state-of-the-art CNC technology, we provide superior metal machining services on customer demand, whether it is small precision parts [&hellip;]<\/p>\n","protected":false},"author":1,"featured_media":0,"parent":0,"menu_order":0,"comment_status":"closed","ping_status":"closed","template":"","meta":{"footnotes":""},"class_list":["post-1695","page","type-page","status-publish","hentry"],"yoast_head":"<!-- This site is optimized with the Yoast SEO plugin v24.3 - https:\/\/yoast.com\/wordpress\/plugins\/seo\/ -->\n<title>Metalworking services | Mita Petrovi\u0107 \u010ca\u010dak<\/title>\n<meta name=\"description\" content=\"The metalworking services we provide include turning, milling, grinding and welding. Precision, quality and customized solutions.\" \/>\n<meta name=\"robots\" content=\"index, follow, max-snippet:-1, max-image-preview:large, max-video-preview:-1\" \/>\n<link rel=\"canonical\" href=\"https:\/\/mito-petrovic.rs\/en\/services\/\" \/>\n<meta property=\"og:locale\" content=\"en_US\" \/>\n<meta property=\"og:type\" content=\"article\" \/>\n<meta property=\"og:title\" content=\"Metalworking services | Mita Petrovi\u0107 \u010ca\u010dak\" \/>\n<meta property=\"og:description\" content=\"The metalworking services we provide include turning, milling, grinding and welding. Precision, quality and customized solutions.\" \/>\n<meta property=\"og:url\" content=\"https:\/\/mito-petrovic.rs\/en\/services\/\" \/>\n<meta property=\"og:site_name\" content=\"Mita Petrovi\u0107 \u010ca\u010dak\" \/>\n<meta property=\"article:modified_time\" content=\"2024-11-18T12:33:55+00:00\" \/>\n<meta name=\"twitter:card\" content=\"summary_large_image\" \/>\n<meta name=\"twitter:label1\" content=\"Est. reading time\" \/>\n\t<meta name=\"twitter:data1\" content=\"2 minutes\" \/>\n<script type=\"application\/ld+json\" class=\"yoast-schema-graph\">{\"@context\":\"https:\/\/schema.org\",\"@graph\":[{\"@type\":\"WebPage\",\"@id\":\"https:\/\/mito-petrovic.rs\/en\/services\/\",\"url\":\"https:\/\/mito-petrovic.rs\/en\/services\/\",\"name\":\"Metalworking services | Mita Petrovi\u0107 \u010ca\u010dak\",\"isPartOf\":{\"@id\":\"https:\/\/mito-petrovic.rs\/en\/#website\"},\"datePublished\":\"2024-10-10T11:03:10+00:00\",\"dateModified\":\"2024-11-18T12:33:55+00:00\",\"description\":\"The metalworking services we provide include turning, milling, grinding and welding. Precision, quality and customized solutions.\",\"breadcrumb\":{\"@id\":\"https:\/\/mito-petrovic.rs\/en\/services\/#breadcrumb\"},\"inLanguage\":\"en-US\",\"potentialAction\":[{\"@type\":\"ReadAction\",\"target\":[\"https:\/\/mito-petrovic.rs\/en\/services\/\"]}]},{\"@type\":\"BreadcrumbList\",\"@id\":\"https:\/\/mito-petrovic.rs\/en\/services\/#breadcrumb\",\"itemListElement\":[{\"@type\":\"ListItem\",\"position\":1,\"name\":\"\u041f\u043e\u0447\u0435\u0442\u043d\u0430\",\"item\":\"https:\/\/mito-petrovic.rs\/en\/home-page\/\"},{\"@type\":\"ListItem\",\"position\":2,\"name\":\"Services\"}]},{\"@type\":\"WebSite\",\"@id\":\"https:\/\/mito-petrovic.rs\/en\/#website\",\"url\":\"https:\/\/mito-petrovic.rs\/en\/\",\"name\":\"Mita Petrovi\u0107 \u010ca\u010dak\",\"description\":\"Proizvodnja ma\u0161inskih elemenata\",\"publisher\":{\"@id\":\"https:\/\/mito-petrovic.rs\/en\/#organization\"},\"potentialAction\":[{\"@type\":\"SearchAction\",\"target\":{\"@type\":\"EntryPoint\",\"urlTemplate\":\"https:\/\/mito-petrovic.rs\/en\/?s={search_term_string}\"},\"query-input\":{\"@type\":\"PropertyValueSpecification\",\"valueRequired\":true,\"valueName\":\"search_term_string\"}}],\"inLanguage\":\"en-US\"},{\"@type\":\"Organization\",\"@id\":\"https:\/\/mito-petrovic.rs\/en\/#organization\",\"name\":\"Mita Petrovi\u0107 \u010ca\u010dak\",\"alternateName\":\"MPR\",\"url\":\"https:\/\/mito-petrovic.rs\/en\/\",\"logo\":{\"@type\":\"ImageObject\",\"inLanguage\":\"en-US\",\"@id\":\"https:\/\/mito-petrovic.rs\/en\/#\/schema\/logo\/image\/\",\"url\":\"https:\/\/mito-petrovic.rs\/wp-content\/uploads\/2024\/10\/logo_mita_petrovic_1_350x453.jpg\",\"contentUrl\":\"https:\/\/mito-petrovic.rs\/wp-content\/uploads\/2024\/10\/logo_mita_petrovic_1_350x453.jpg\",\"width\":350,\"height\":453,\"caption\":\"Mita Petrovi\u0107 \u010ca\u010dak\"},\"image\":{\"@id\":\"https:\/\/mito-petrovic.rs\/en\/#\/schema\/logo\/image\/\"}}]}<\/script>\n<!-- \/ Yoast SEO plugin. -->","yoast_head_json":{"title":"Metalworking services | Mita Petrovi\u0107 \u010ca\u010dak","description":"The metalworking services we provide include turning, milling, grinding and welding. Precision, quality and customized solutions.","robots":{"index":"index","follow":"follow","max-snippet":"max-snippet:-1","max-image-preview":"max-image-preview:large","max-video-preview":"max-video-preview:-1"},"canonical":"https:\/\/mito-petrovic.rs\/en\/services\/","og_locale":"en_US","og_type":"article","og_title":"Metalworking services | Mita Petrovi\u0107 \u010ca\u010dak","og_description":"The metalworking services we provide include turning, milling, grinding and welding. Precision, quality and customized solutions.","og_url":"https:\/\/mito-petrovic.rs\/en\/services\/","og_site_name":"Mita Petrovi\u0107 \u010ca\u010dak","article_modified_time":"2024-11-18T12:33:55+00:00","twitter_card":"summary_large_image","twitter_misc":{"Est. reading time":"2 minutes"},"schema":{"@context":"https:\/\/schema.org","@graph":[{"@type":"WebPage","@id":"https:\/\/mito-petrovic.rs\/en\/services\/","url":"https:\/\/mito-petrovic.rs\/en\/services\/","name":"Metalworking services | Mita Petrovi\u0107 \u010ca\u010dak","isPartOf":{"@id":"https:\/\/mito-petrovic.rs\/en\/#website"},"datePublished":"2024-10-10T11:03:10+00:00","dateModified":"2024-11-18T12:33:55+00:00","description":"The metalworking services we provide include turning, milling, grinding and welding. Precision, quality and customized solutions.","breadcrumb":{"@id":"https:\/\/mito-petrovic.rs\/en\/services\/#breadcrumb"},"inLanguage":"en-US","potentialAction":[{"@type":"ReadAction","target":["https:\/\/mito-petrovic.rs\/en\/services\/"]}]},{"@type":"BreadcrumbList","@id":"https:\/\/mito-petrovic.rs\/en\/services\/#breadcrumb","itemListElement":[{"@type":"ListItem","position":1,"name":"\u041f\u043e\u0447\u0435\u0442\u043d\u0430","item":"https:\/\/mito-petrovic.rs\/en\/home-page\/"},{"@type":"ListItem","position":2,"name":"Services"}]},{"@type":"WebSite","@id":"https:\/\/mito-petrovic.rs\/en\/#website","url":"https:\/\/mito-petrovic.rs\/en\/","name":"Mita Petrovi\u0107 \u010ca\u010dak","description":"Proizvodnja ma\u0161inskih elemenata","publisher":{"@id":"https:\/\/mito-petrovic.rs\/en\/#organization"},"potentialAction":[{"@type":"SearchAction","target":{"@type":"EntryPoint","urlTemplate":"https:\/\/mito-petrovic.rs\/en\/?s={search_term_string}"},"query-input":{"@type":"PropertyValueSpecification","valueRequired":true,"valueName":"search_term_string"}}],"inLanguage":"en-US"},{"@type":"Organization","@id":"https:\/\/mito-petrovic.rs\/en\/#organization","name":"Mita Petrovi\u0107 \u010ca\u010dak","alternateName":"MPR","url":"https:\/\/mito-petrovic.rs\/en\/","logo":{"@type":"ImageObject","inLanguage":"en-US","@id":"https:\/\/mito-petrovic.rs\/en\/#\/schema\/logo\/image\/","url":"https:\/\/mito-petrovic.rs\/wp-content\/uploads\/2024\/10\/logo_mita_petrovic_1_350x453.jpg","contentUrl":"https:\/\/mito-petrovic.rs\/wp-content\/uploads\/2024\/10\/logo_mita_petrovic_1_350x453.jpg","width":350,"height":453,"caption":"Mita Petrovi\u0107 \u010ca\u010dak"},"image":{"@id":"https:\/\/mito-petrovic.rs\/en\/#\/schema\/logo\/image\/"}}]}},"_links":{"self":[{"href":"https:\/\/mito-petrovic.rs\/en\/wp-json\/wp\/v2\/pages\/1695","targetHints":{"allow":["GET"]}}],"collection":[{"href":"https:\/\/mito-petrovic.rs\/en\/wp-json\/wp\/v2\/pages"}],"about":[{"href":"https:\/\/mito-petrovic.rs\/en\/wp-json\/wp\/v2\/types\/page"}],"author":[{"embeddable":true,"href":"https:\/\/mito-petrovic.rs\/en\/wp-json\/wp\/v2\/users\/1"}],"replies":[{"embeddable":true,"href":"https:\/\/mito-petrovic.rs\/en\/wp-json\/wp\/v2\/comments?post=1695"}],"version-history":[{"count":5,"href":"https:\/\/mito-petrovic.rs\/en\/wp-json\/wp\/v2\/pages\/1695\/revisions"}],"predecessor-version":[{"id":1717,"href":"https:\/\/mito-petrovic.rs\/en\/wp-json\/wp\/v2\/pages\/1695\/revisions\/1717"}],"wp:attachment":[{"href":"https:\/\/mito-petrovic.rs\/en\/wp-json\/wp\/v2\/media?parent=1695"}],"curies":[{"name":"wp","href":"https:\/\/api.w.org\/{rel}","templated":true}]}}